{"id":166,"date":"2021-07-27T08:54:23","date_gmt":"2021-07-27T08:54:23","guid":{"rendered":"https:\/\/twp-b2b.nl\/?page_id=166"},"modified":"2022-01-19T10:37:37","modified_gmt":"2022-01-19T10:37:37","slug":"werkwijze","status":"publish","type":"page","link":"https:\/\/twp-b2b.nl\/index.php\/werkwijze\/","title":{"rendered":"Hoe werken wij"},"content":{"rendered":"\n<div class=\"wp-block-media-text alignwide is-stacked-on-mobile has-black-color has-text-color has-background\" style=\"background-color:#f284ac;grid-template-columns:38% auto\"><figure class=\"wp-block-media-text__media\"><img loading=\"lazy\" width=\"975\" height=\"672\" src=\"https:\/\/twp-b2b.nl\/wp-content\/uploads\/2021\/11\/afdhfdasf.png\" alt=\"\" class=\"wp-image-647 size-full\" srcset=\"https:\/\/twp-b2b.nl\/wp-content\/uploads\/2021\/11\/afdhfdasf.png 975w, https:\/\/twp-b2b.nl\/wp-content\/uploads\/2021\/11\/afdhfdasf-300x207.png 300w, https:\/\/twp-b2b.nl\/wp-content\/uploads\/2021\/11\/afdhfdasf-768x529.png 768w\" sizes=\"(max-width: 975px) 100vw, 975px\" \/><\/figure><div class=\"wp-block-media-text__content\">\n<p class=\"has-medium-font-size\"><strong>Wij starten altijd met een vrijblijvend kennismakingsgesprek.<\/strong> <\/p>\n\n\n\n<p class=\"has-medium-font-size\">We praten over uw bedrijfsfilosofie, uw producten en diensten, uw positie in de markt en uw doelstellingen en ambities.<\/p>\n\n\n\n<p class=\"has-medium-font-size\"><\/p>\n<\/div><\/div>\n\n\n\n<div class=\"wp-block-columns\">\n<div class=\"wp-block-column\">\n<p class=\"has-medium-font-size\">Wanneer de u beslist een pilot met TWP te willen starten, maken wij een opdrachtbevestiging met de besproken details. Na binnenkomst van de ondertekende opdrachtbevestiging en verwerkingsverklaring voor de Wet AVG starten wij de opdracht.<\/p>\n\n\n\n<p class=\"has-medium-font-size\">Wij starten met het inrichten van een voor u beschikbaar gestelde database, wanneer het adressenbestand bij ons bekend en binnen is, gaan we het team informeren. Dit doen wij d.m.v. een persoonlijke korte kennismaking met de persoon\/personen waarvoor wij gaan bellen en worden in circa \u00e9\u00e9n uur ge\u00efnformeerd over bedrijf, product\/dienst. Wij stellen een vaste TWP-medewerkster aan voor uw opdracht. <\/p>\n<\/div>\n\n\n\n<div class=\"wp-block-column\">\n<p class=\"has-medium-font-size\">Wanneer wij&nbsp;bij TWP op kantoor zijn aangekomen, werken wij dit uit. We lezen ons in en maken een kort script. In dit script staan de adresgegevens en enkele kernpunten &amp; communicatie boodschappen van de opdrachtgevende organisatie, die als leidraad geldt voor de te voeren gesprekken. Wij bellen niet met een vast voorgekauwd belscript, iedere TWP-medewerkster is in staat een volwaardig zakelijk gesprek te voeren.<\/p>\n<\/div>\n<\/div>\n\n\n\n<p class=\"has-text-align-center has-medium-font-size\"><strong>Zo kunnen wij met kennis van uw organisatie, product\/dienst de beste resultaten bereiken.<\/strong><\/p>\n\n\n\n<div class=\"wp-block-image\"><figure class=\"aligncenter size-large\"><img loading=\"lazy\" width=\"1024\" height=\"294\" src=\"https:\/\/twp-b2b.nl\/wp-content\/uploads\/2022\/01\/NONO-pennn1-1024x294.png\" alt=\"\" class=\"wp-image-852\" srcset=\"https:\/\/twp-b2b.nl\/wp-content\/uploads\/2022\/01\/NONO-pennn1-1024x294.png 1024w, https:\/\/twp-b2b.nl\/wp-content\/uploads\/2022\/01\/NONO-pennn1-300x86.png 300w, https:\/\/twp-b2b.nl\/wp-content\/uploads\/2022\/01\/NONO-pennn1-768x221.png 768w, https:\/\/twp-b2b.nl\/wp-content\/uploads\/2022\/01\/NONO-pennn1.png 1030w\" sizes=\"(max-width: 1024px) 100vw, 1024px\" \/><\/figure><\/div>\n","protected":false},"excerpt":{"rendered":"<p>Wij starten altijd met een vrijblijvend kennismakingsgesprek. We praten over uw bedrijfsfilosofie, uw producten en diensten, uw positie in de markt en uw doelstellingen en ambities. Wanneer de u beslist een pilot met TWP te willen starten, maken wij een opdrachtbevestiging met de besproken details. Na binnenkomst van de ondertekende opdrachtbevestiging en verwerkingsverklaring voor de [&hellip;]<\/p>\n","protected":false},"author":1,"featured_media":0,"parent":0,"menu_order":0,"comment_status":"closed","ping_status":"closed","template":"","meta":[],"_links":{"self":[{"href":"https:\/\/twp-b2b.nl\/index.php\/wp-json\/wp\/v2\/pages\/166"}],"collection":[{"href":"https:\/\/twp-b2b.nl\/index.php\/wp-json\/wp\/v2\/pages"}],"about":[{"href":"https:\/\/twp-b2b.nl\/index.php\/wp-json\/wp\/v2\/types\/page"}],"author":[{"embeddable":true,"href":"https:\/\/twp-b2b.nl\/index.php\/wp-json\/wp\/v2\/users\/1"}],"replies":[{"embeddable":true,"href":"https:\/\/twp-b2b.nl\/index.php\/wp-json\/wp\/v2\/comments?post=166"}],"version-history":[{"count":49,"href":"https:\/\/twp-b2b.nl\/index.php\/wp-json\/wp\/v2\/pages\/166\/revisions"}],"predecessor-version":[{"id":859,"href":"https:\/\/twp-b2b.nl\/index.php\/wp-json\/wp\/v2\/pages\/166\/revisions\/859"}],"wp:attachment":[{"href":"https:\/\/twp-b2b.nl\/index.php\/wp-json\/wp\/v2\/media?parent=166"}],"curies":[{"name":"wp","href":"https:\/\/api.w.org\/{rel}","templated":true}]}}